{"id":189,"date":"2025-10-29T16:16:53","date_gmt":"2025-10-29T16:16:53","guid":{"rendered":"https:\/\/cliniqueesthetiqueaulaser.trifali.app\/?page_id=189"},"modified":"2025-10-30T17:42:28","modified_gmt":"2025-10-30T17:42:28","slug":"about","status":"publish","type":"page","link":"https:\/\/cliniqueesthetiqueaulaser.ca\/en\/about\/","title":{"rendered":"About"},"content":{"rendered":"<div data-elementor-type=\"wp-page\" data-elementor-id=\"189\" class=\"elementor elementor-189\">\n\t\t\t\t\t\t<section class=\"elementor-section elementor-top-section elementor-element elementor-element-5ad42f8b elementor-section-boxed elementor-section-height-default elementor-section-height-default\" data-id=\"5ad42f8b\" data-element_type=\"section\" data-settings=\"{&quot;background_background&quot;:&quot;classic&quot;,&quot;shape_divider_bottom&quot;:&quot;waves&quot;}\">\n\t\t\t\t\t\t\t<div class=\"elementor-background-overlay\"><\/div>\n\t\t\t\t\t\t<div class=\"elementor-shape elementor-shape-bottom\" data-negative=\"false\">\n\t\t\t<svg xmlns=\"http:\/\/www.w3.org\/2000\/svg\" viewbox=\"0 0 1000 100\" preserveaspectratio=\"none\">\n\t<path class=\"elementor-shape-fill\" d=\"M421.9,6.5c22.6-2.5,51.5,0.4,75.5,5.3c23.6,4.9,70.9,23.5,100.5,35.7c75.8,32.2,133.7,44.5,192.6,49.7\tc23.6,2.1,48.7,3.5,103.4-2.5c54.7-6,106.2-25.6,106.2-25.6V0H0v30.3c0,0,72,32.6,158.4,30.5c39.2-0.7,92.8-6.7,134-22.4\tc21.2-8.1,52.2-18.2,79.7-24.2C399.3,7.9,411.6,7.5,421.9,6.5z\"\/>\n<\/svg>\t\t<\/div>\n\t\t\t\t\t<div class=\"elementor-container elementor-column-gap-default\">\n\t\t\t\t\t<div class=\"elementor-column elementor-col-100 elementor-top-column elementor-element elementor-element-159c351a\" data-id=\"159c351a\" data-element_type=\"column\">\n\t\t\t<div class=\"elementor-widget-wrap elementor-element-populated\">\n\t\t\t\t\t\t<div class=\"elementor-element elementor-element-2c051d7 elementor-widget elementor-widget-heading\" data-id=\"2c051d7\" data-element_type=\"widget\" data-widget_type=\"heading.default\">\n\t\t\t\t<div class=\"elementor-widget-container\">\n\t\t\t\t\t<h1 class=\"elementor-heading-title elementor-size-default\">About<\/h1>\t\t\t\t<\/div>\n\t\t\t\t<\/div>\n\t\t\t\t\t<\/div>\n\t\t<\/div>\n\t\t\t\t\t<\/div>\n\t\t<\/section>\n\t\t\t\t<section class=\"elementor-section elementor-top-section elementor-element elementor-element-22473004 elementor-section-height-min-height elementor-section-boxed elementor-section-height-default elementor-section-items-middle\" data-id=\"22473004\" data-element_type=\"section\">\n\t\t\t\t\t\t<div class=\"elementor-container elementor-column-gap-default\">\n\t\t\t\t\t<div class=\"elementor-column elementor-col-100 elementor-top-column elementor-element elementor-element-5ef5b41e\" data-id=\"5ef5b41e\" data-element_type=\"column\">\n\t\t\t<div class=\"elementor-widget-wrap elementor-element-populated\">\n\t\t\t\t\t\t<div class=\"elementor-element elementor-element-4749678c elementor-widget elementor-widget-heading\" data-id=\"4749678c\" data-element_type=\"widget\" data-widget_type=\"heading.default\">\n\t\t\t\t<div class=\"elementor-widget-container\">\n\t\t\t\t\t<h2 class=\"elementor-heading-title elementor-size-default\">Our expertise at the service of your beauty<\/h2>\t\t\t\t<\/div>\n\t\t\t\t<\/div>\n\t\t\t\t<div class=\"elementor-element elementor-element-7a338f65 elementor-widget elementor-widget-text-editor\" data-id=\"7a338f65\" data-element_type=\"widget\" data-widget_type=\"text-editor.default\">\n\t\t\t\t<div class=\"elementor-widget-container\">\n\t\t\t\t\t\t\t\t\t<p>For over 10 years, we have been supporting our clients with passion and professionalism, providing personalized solutions for their aesthetic needs. Each client receives attentive and safe care, where listening and satisfaction are at the heart of our practice. We offer a comprehensive range of services to enhance the skin and reveal your natural radiance, including laser hair removal, skin resurfacing, facial treatments, and microneedling. Thanks to our experience and the use of advanced technologies, we ensure visible and lasting results while guaranteeing comfort and safety during every session. Our priority is to create a unique experience for each person by combining expertise, innovation, and well-being.<\/p>\t\t\t\t\t\t\t\t<\/div>\n\t\t\t\t<\/div>\n\t\t\t\t\t<\/div>\n\t\t<\/div>\n\t\t\t\t\t<\/div>\n\t\t<\/section>\n\t\t\t\t<section class=\"elementor-section elementor-top-section elementor-element elementor-element-7cf01edc elementor-section-height-min-height elementor-reverse-tablet elementor-reverse-mobile elementor-section-boxed elementor-section-height-default elementor-section-items-middle\" data-id=\"7cf01edc\" data-element_type=\"section\" data-settings=\"{&quot;background_background&quot;:&quot;classic&quot;}\">\n\t\t\t\t\t\t<div class=\"elementor-container elementor-column-gap-default\">\n\t\t\t\t\t<div class=\"elementor-column elementor-col-66 elementor-top-column elementor-element elementor-element-6623411f\" data-id=\"6623411f\" data-element_type=\"column\">\n\t\t\t<div class=\"elementor-widget-wrap elementor-element-populated\">\n\t\t\t\t\t\t<div class=\"elementor-element elementor-element-2468f853 elementor-widget elementor-widget-elementskit-simple-tab\" data-id=\"2468f853\" data-element_type=\"widget\" data-widget_type=\"elementskit-simple-tab.default\">\n\t\t\t\t<div class=\"elementor-widget-container\">\n\t\t\t\t\t<div class=\"ekit-wid-con\" >        <div class=\"elementkit-tab-wraper\">\n            <ul class=\"nav nav-tabs elementkit-tab-nav  elementskit-fullwidth-tab\">\n                                    <li class=\"elementkit-nav-item elementor-repeater-item-301e12c\">\n                        <a class=\"elementkit-nav-link  active show top-pos\" id=\"content-301e12c69e9df4408252-tab\" data-ekit-handler-id=\"notre-vision\" data-ekit-toggle=\"tab\" data-target=\"#content-301e12c69e9df4408252\" href=\"#Content-301e12c69e9df4408252\"\n                            data-ekit-toggle-trigger=\"click\"\n                            aria-describedby=\"Content-301e12c69e9df4408252\">\n                                                        <span class=\"elementskit-tab-title\"> Our Vision<\/span>\n                        <\/a>\n                    <\/li>\n                                        <li class=\"elementkit-nav-item elementor-repeater-item-fa63ea5\">\n                        <a class=\"elementkit-nav-link  top-pos\" id=\"content-fa63ea569e9df4408252-tab\" data-ekit-handler-id=\"notre-mission\" data-ekit-toggle=\"tab\" data-target=\"#content-fa63ea569e9df4408252\" href=\"#Content-fa63ea569e9df4408252\"\n                            data-ekit-toggle-trigger=\"click\"\n                            aria-describedby=\"Content-fa63ea569e9df4408252\">\n                                                        <span class=\"elementskit-tab-title\"> Our Mission<\/span>\n                        <\/a>\n                    <\/li>\n                                <\/ul>\n\n            <div class=\"tab-content elementkit-tab-content\">\n                                    <div class=\"tab-pane elementkit-tab-pane elementor-repeater-item-301e12c  active show\" id=\"content-301e12c69e9df4408252\" role=\"tabpanel\"\n                         aria-labelledby=\"content-301e12c69e9df4408252-tab\">\n                        <div class=\"animated fadeIn\">\n                            <p>We aspire to become the reference in laser aesthetics, recognized for the excellence of our treatments and the constant innovation of our techniques. We aim to create an environment where our clients feel inspired, cared for, and encouraged to reveal their natural glow. Through our expertise and passion, we strive to transform every experience into a moment of confidence, well-being, and lasting satisfaction.<\/p>                        <\/div>\n                    <\/div>\n                                    <div class=\"tab-pane elementkit-tab-pane elementor-repeater-item-fa63ea5\" id=\"content-fa63ea569e9df4408252\" role=\"tabpanel\"\n                         aria-labelledby=\"content-fa63ea569e9df4408252-tab\">\n                        <div class=\"animated fadeIn\">\n                            <p>Our mission is to offer superior aesthetic care, combining professional expertise, advanced technologies, and a fully personalized approach. We are committed to supporting each client on their beauty and wellness journey, with a focus on safety, comfort, and visible, lasting results. Our goal is to ensure that every person who walks through our doors feels heard, valued, and confident in their skin.<\/p>                        <\/div>\n                    <\/div>\n                                \n            <\/div>\n                    <\/div>\n    <\/div>\t\t\t\t<\/div>\n\t\t\t\t<\/div>\n\t\t\t\t<div class=\"elementor-element elementor-element-278a642b elementor-widget elementor-widget-heading\" data-id=\"278a642b\" data-element_type=\"widget\" data-widget_type=\"heading.default\">\n\t\t\t\t<div class=\"elementor-widget-container\">\n\t\t\t\t\t<h3 class=\"elementor-heading-title elementor-size-default\">Our Pride<\/h3>\t\t\t\t<\/div>\n\t\t\t\t<\/div>\n\t\t\t\t<section class=\"elementor-section elementor-inner-section elementor-element elementor-element-741993c0 elementor-section-boxed elementor-section-height-default elementor-section-height-default\" data-id=\"741993c0\" data-element_type=\"section\">\n\t\t\t\t\t\t<div class=\"elementor-container elementor-column-gap-default\">\n\t\t\t\t\t<div class=\"elementor-column elementor-col-100 elementor-inner-column elementor-element elementor-element-27421fc2\" data-id=\"27421fc2\" data-element_type=\"column\">\n\t\t\t<div class=\"elementor-widget-wrap elementor-element-populated\">\n\t\t\t\t\t\t<div class=\"elementor-element elementor-element-2fc1b011 elementor-align-left elementor-icon-list--layout-traditional elementor-list-item-link-full_width elementor-widget elementor-widget-icon-list\" data-id=\"2fc1b011\" data-element_type=\"widget\" data-widget_type=\"icon-list.default\">\n\t\t\t\t<div class=\"elementor-widget-container\">\n\t\t\t\t\t\t\t<ul class=\"elementor-icon-list-items\">\n\t\t\t\t\t\t\t<li class=\"elementor-icon-list-item\">\n\t\t\t\t\t\t\t\t\t\t\t<span class=\"elementor-icon-list-icon\">\n\t\t\t\t\t\t\t<i aria-hidden=\"true\" class=\"far fa-check-circle\"><\/i>\t\t\t\t\t\t<\/span>\n\t\t\t\t\t\t\t\t\t\t<span class=\"elementor-icon-list-text\">10 years of experience in laser aesthetic care.<\/span>\n\t\t\t\t\t\t\t\t\t<\/li>\n\t\t\t\t\t\t\t\t<li class=\"elementor-icon-list-item\">\n\t\t\t\t\t\t\t\t\t\t\t<span class=\"elementor-icon-list-icon\">\n\t\t\t\t\t\t\t<i aria-hidden=\"true\" class=\"far fa-check-circle\"><\/i>\t\t\t\t\t\t<\/span>\n\t\t\t\t\t\t\t\t\t\t<span class=\"elementor-icon-list-text\">Smooth, radiant, and rejuvenated skin from the first sessions.<\/span>\n\t\t\t\t\t\t\t\t\t<\/li>\n\t\t\t\t\t\t\t\t<li class=\"elementor-icon-list-item\">\n\t\t\t\t\t\t\t\t\t\t\t<span class=\"elementor-icon-list-icon\">\n\t\t\t\t\t\t\t<i aria-hidden=\"true\" class=\"far fa-check-circle\"><\/i>\t\t\t\t\t\t<\/span>\n\t\t\t\t\t\t\t\t\t\t<span class=\"elementor-icon-list-text\">Personalized treatments, safe and suitable for all skin types.<\/span>\n\t\t\t\t\t\t\t\t\t<\/li>\n\t\t\t\t\t\t\t\t<li class=\"elementor-icon-list-item\">\n\t\t\t\t\t\t\t\t\t\t\t<span class=\"elementor-icon-list-icon\">\n\t\t\t\t\t\t\t<i aria-hidden=\"true\" class=\"far fa-check-circle\"><\/i>\t\t\t\t\t\t<\/span>\n\t\t\t\t\t\t\t\t\t\t<span class=\"elementor-icon-list-text\">Modern equipment for precise and effective treatments.<\/span>\n\t\t\t\t\t\t\t\t\t<\/li>\n\t\t\t\t\t\t<\/ul>\n\t\t\t\t\t\t<\/div>\n\t\t\t\t<\/div>\n\t\t\t\t\t<\/div>\n\t\t<\/div>\n\t\t\t\t\t<\/div>\n\t\t<\/section>\n\t\t\t\t\t<\/div>\n\t\t<\/div>\n\t\t\t\t<div class=\"elementor-column elementor-col-33 elementor-top-column elementor-element elementor-element-5ed0a7e1\" data-id=\"5ed0a7e1\" data-element_type=\"column\">\n\t\t\t<div class=\"elementor-widget-wrap elementor-element-populated\">\n\t\t\t\t\t\t<div class=\"elementor-element elementor-element-44cde980 elementor-widget elementor-widget-image\" data-id=\"44cde980\" data-element_type=\"widget\" data-widget_type=\"image.default\">\n\t\t\t\t<div class=\"elementor-widget-container\">\n\t\t\t\t\t\t\t\t\t\t\t\t\t\t\t<img decoding=\"async\" src=\"https:\/\/cliniqueesthetiqueaulaser.ca\/wp-content\/uploads\/2025\/10\/Aisselles-rasees.avif\" title=\"Aisselles-rasees\" alt=\"Aisselles-rasees\" loading=\"lazy\" \/>\t\t\t\t\t\t\t\t\t\t\t\t\t\t\t<\/div>\n\t\t\t\t<\/div>\n\t\t\t\t\t<\/div>\n\t\t<\/div>\n\t\t\t\t\t<\/div>\n\t\t<\/section>\n\t\t\t\t<section class=\"elementor-section elementor-top-section elementor-element elementor-element-33cf1d9f elementor-section-content-middle elementor-section-boxed elementor-section-height-default elementor-section-height-default\" data-id=\"33cf1d9f\" data-element_type=\"section\" data-settings=\"{&quot;background_background&quot;:&quot;classic&quot;}\">\n\t\t\t\t\t\t\t<div class=\"elementor-background-overlay\"><\/div>\n\t\t\t\t\t\t\t<div class=\"elementor-container elementor-column-gap-default\">\n\t\t\t\t\t<div class=\"elementor-column elementor-col-50 elementor-top-column elementor-element elementor-element-1ad6212e\" data-id=\"1ad6212e\" data-element_type=\"column\">\n\t\t\t<div class=\"elementor-widget-wrap elementor-element-populated\">\n\t\t\t\t\t\t<div class=\"elementor-element elementor-element-669f560a elementor-widget elementor-widget-heading\" data-id=\"669f560a\" data-element_type=\"widget\" data-widget_type=\"heading.default\">\n\t\t\t\t<div class=\"elementor-widget-container\">\n\t\t\t\t\t<h1 class=\"elementor-heading-title elementor-size-default\">Ready for Your Transformation?<\/h1>\t\t\t\t<\/div>\n\t\t\t\t<\/div>\n\t\t\t\t<div class=\"elementor-element elementor-element-6185fe8b elementor-widget elementor-widget-text-editor\" data-id=\"6185fe8b\" data-element_type=\"widget\" data-widget_type=\"text-editor.default\">\n\t\t\t\t<div class=\"elementor-widget-container\">\n\t\t\t\t\t\t\t\t\t<p>Book your treatment today and secure your spot. Call (<strong data-start=\"454\" data-end=\"470\">514) 355-0691<\/strong><\/p>\t\t\t\t\t\t\t\t<\/div>\n\t\t\t\t<\/div>\n\t\t\t\t\t<\/div>\n\t\t<\/div>\n\t\t\t\t<div class=\"elementor-column elementor-col-50 elementor-top-column elementor-element elementor-element-555468ba\" data-id=\"555468ba\" data-element_type=\"column\">\n\t\t\t<div class=\"elementor-widget-wrap elementor-element-populated\">\n\t\t\t\t\t\t<div class=\"elementor-element elementor-element-1d477c60 elementor-align-center elementor-widget elementor-widget-button\" data-id=\"1d477c60\" data-element_type=\"widget\" data-widget_type=\"button.default\">\n\t\t\t\t<div class=\"elementor-widget-container\">\n\t\t\t\t\t\t\t\t\t<div class=\"elementor-button-wrapper\">\n\t\t\t\t\t<a class=\"elementor-button elementor-button-link elementor-size-sm elementor-animation-bob\" href=\"tel:5143550691\">\n\t\t\t\t\t\t<span class=\"elementor-button-content-wrapper\">\n\t\t\t\t\t\t\t\t\t<span class=\"elementor-button-text\">Call now<\/span>\n\t\t\t\t\t<\/span>\n\t\t\t\t\t<\/a>\n\t\t\t\t<\/div>\n\t\t\t\t\t\t\t\t<\/div>\n\t\t\t\t<\/div>\n\t\t\t\t\t<\/div>\n\t\t<\/div>\n\t\t\t\t\t<\/div>\n\t\t<\/section>\n\t\t\t\t<section class=\"elementor-section elementor-top-section elementor-element elementor-element-317b4de3 elementor-section-full_width elementor-section-height-default elementor-section-height-default\" data-id=\"317b4de3\" data-element_type=\"section\">\n\t\t\t\t\t\t<div class=\"elementor-container elementor-column-gap-no\">\n\t\t\t\t\t<div class=\"elementor-column elementor-col-100 elementor-top-column elementor-element elementor-element-268b2fc0 elementor-hidden-mobile\" data-id=\"268b2fc0\" data-element_type=\"column\">\n\t\t\t<div class=\"elementor-widget-wrap elementor-element-populated\">\n\t\t\t\t\t\t<div class=\"elementor-element elementor-element-1caba522 elementor-widget elementor-widget-image-gallery\" data-id=\"1caba522\" data-element_type=\"widget\" data-widget_type=\"image-gallery.default\">\n\t\t\t\t<div class=\"elementor-widget-container\">\n\t\t\t\t\t\t\t<div class=\"elementor-image-gallery\">\n\t\t\t<div id='gallery-1' class='gallery galleryid-189 gallery-columns-4 gallery-size-full'><figure class='gallery-item'>\n\t\t\t<div class='gallery-icon landscape'>\n\t\t\t\t<img fetchpriority=\"high\" decoding=\"async\" width=\"2000\" height=\"1333\" src=\"https:\/\/cliniqueesthetiqueaulaser.ca\/wp-content\/uploads\/2025\/10\/cosmetic-procedure-in-spa-salon-.jpg\" class=\"attachment-full size-full\" alt=\"\" srcset=\"https:\/\/cliniqueesthetiqueaulaser.ca\/wp-content\/uploads\/2025\/10\/cosmetic-procedure-in-spa-salon-.jpg 2000w, https:\/\/cliniqueesthetiqueaulaser.ca\/wp-content\/uploads\/2025\/10\/cosmetic-procedure-in-spa-salon--300x200.jpg 300w, https:\/\/cliniqueesthetiqueaulaser.ca\/wp-content\/uploads\/2025\/10\/cosmetic-procedure-in-spa-salon--1024x682.jpg 1024w, https:\/\/cliniqueesthetiqueaulaser.ca\/wp-content\/uploads\/2025\/10\/cosmetic-procedure-in-spa-salon--768x512.jpg 768w, https:\/\/cliniqueesthetiqueaulaser.ca\/wp-content\/uploads\/2025\/10\/cosmetic-procedure-in-spa-salon--1536x1024.jpg 1536w\" sizes=\"(max-width: 2000px) 100vw, 2000px\" \/>\n\t\t\t<\/div><\/figure><figure class='gallery-item'>\n\t\t\t<div class='gallery-icon landscape'>\n\t\t\t\t<img decoding=\"async\" width=\"2000\" height=\"1333\" src=\"https:\/\/cliniqueesthetiqueaulaser.ca\/wp-content\/uploads\/2025\/10\/peaceful-black-girl-having-aromatherapy-at-spa.jpg\" class=\"attachment-full size-full\" alt=\"\" srcset=\"https:\/\/cliniqueesthetiqueaulaser.ca\/wp-content\/uploads\/2025\/10\/peaceful-black-girl-having-aromatherapy-at-spa.jpg 2000w, https:\/\/cliniqueesthetiqueaulaser.ca\/wp-content\/uploads\/2025\/10\/peaceful-black-girl-having-aromatherapy-at-spa-300x200.jpg 300w, https:\/\/cliniqueesthetiqueaulaser.ca\/wp-content\/uploads\/2025\/10\/peaceful-black-girl-having-aromatherapy-at-spa-1024x682.jpg 1024w, https:\/\/cliniqueesthetiqueaulaser.ca\/wp-content\/uploads\/2025\/10\/peaceful-black-girl-having-aromatherapy-at-spa-768x512.jpg 768w, https:\/\/cliniqueesthetiqueaulaser.ca\/wp-content\/uploads\/2025\/10\/peaceful-black-girl-having-aromatherapy-at-spa-1536x1024.jpg 1536w\" sizes=\"(max-width: 2000px) 100vw, 2000px\" \/>\n\t\t\t<\/div><\/figure><figure class='gallery-item'>\n\t\t\t<div class='gallery-icon landscape'>\n\t\t\t\t<img decoding=\"async\" width=\"2000\" height=\"1333\" src=\"https:\/\/cliniqueesthetiqueaulaser.ca\/wp-content\/uploads\/2025\/10\/spa.jpg\" class=\"attachment-full size-full\" alt=\"\" srcset=\"https:\/\/cliniqueesthetiqueaulaser.ca\/wp-content\/uploads\/2025\/10\/spa.jpg 2000w, https:\/\/cliniqueesthetiqueaulaser.ca\/wp-content\/uploads\/2025\/10\/spa-300x200.jpg 300w, https:\/\/cliniqueesthetiqueaulaser.ca\/wp-content\/uploads\/2025\/10\/spa-1024x682.jpg 1024w, https:\/\/cliniqueesthetiqueaulaser.ca\/wp-content\/uploads\/2025\/10\/spa-768x512.jpg 768w, https:\/\/cliniqueesthetiqueaulaser.ca\/wp-content\/uploads\/2025\/10\/spa-1536x1024.jpg 1536w\" sizes=\"(max-width: 2000px) 100vw, 2000px\" \/>\n\t\t\t<\/div><\/figure><figure class='gallery-item'>\n\t\t\t<div class='gallery-icon landscape'>\n\t\t\t\t<img loading=\"lazy\" decoding=\"async\" width=\"2000\" height=\"1333\" src=\"https:\/\/cliniqueesthetiqueaulaser.ca\/wp-content\/uploads\/2025\/10\/skincare-in-spa.jpg\" class=\"attachment-full size-full\" alt=\"\" srcset=\"https:\/\/cliniqueesthetiqueaulaser.ca\/wp-content\/uploads\/2025\/10\/skincare-in-spa.jpg 2000w, https:\/\/cliniqueesthetiqueaulaser.ca\/wp-content\/uploads\/2025\/10\/skincare-in-spa-300x200.jpg 300w, https:\/\/cliniqueesthetiqueaulaser.ca\/wp-content\/uploads\/2025\/10\/skincare-in-spa-1024x682.jpg 1024w, https:\/\/cliniqueesthetiqueaulaser.ca\/wp-content\/uploads\/2025\/10\/skincare-in-spa-768x512.jpg 768w, https:\/\/cliniqueesthetiqueaulaser.ca\/wp-content\/uploads\/2025\/10\/skincare-in-spa-1536x1024.jpg 1536w\" sizes=\"(max-width: 2000px) 100vw, 2000px\" \/>\n\t\t\t<\/div><\/figure>\n\t\t<\/div>\n\t\t<\/div>\n\t\t\t\t\t\t<\/div>\n\t\t\t\t<\/div>\n\t\t\t\t\t<\/div>\n\t\t<\/div>\n\t\t\t\t\t<\/div>\n\t\t<\/section>\n\t\t\t\t<\/div>","protected":false},"excerpt":{"rendered":"<p>\u00c0 Propos Notre expertise au service de votre beaut\u00e9 Depuis plus de 10 ans, nous accompagnons notre client\u00e8le avec passion et professionnalisme pour r\u00e9pondre \u00e0 leurs besoins esth\u00e9tiques de mani\u00e8re personnalis\u00e9e. Chaque client b\u00e9n\u00e9ficie d\u2019une approche attentive et s\u00e9curis\u00e9e, o\u00f9 l\u2019\u00e9coute et la satisfaction sont au c\u0153ur de notre pratique. Nous offrons une gamme compl\u00e8te [&hellip;]<\/p>","protected":false},"author":1,"featured_media":0,"parent":0,"menu_order":0,"comment_status":"closed","ping_status":"closed","template":"elementor_header_footer","meta":{"footnotes":""},"class_list":["post-189","page","type-page","status-publish","hentry"],"_links":{"self":[{"href":"https:\/\/cliniqueesthetiqueaulaser.ca\/en\/wp-json\/wp\/v2\/pages\/189","targetHints":{"allow":["GET"]}}],"collection":[{"href":"https:\/\/cliniqueesthetiqueaulaser.ca\/en\/wp-json\/wp\/v2\/pages"}],"about":[{"href":"https:\/\/cliniqueesthetiqueaulaser.ca\/en\/wp-json\/wp\/v2\/types\/page"}],"author":[{"embeddable":true,"href":"https:\/\/cliniqueesthetiqueaulaser.ca\/en\/wp-json\/wp\/v2\/users\/1"}],"replies":[{"embeddable":true,"href":"https:\/\/cliniqueesthetiqueaulaser.ca\/en\/wp-json\/wp\/v2\/comments?post=189"}],"version-history":[{"count":28,"href":"https:\/\/cliniqueesthetiqueaulaser.ca\/en\/wp-json\/wp\/v2\/pages\/189\/revisions"}],"predecessor-version":[{"id":340,"href":"https:\/\/cliniqueesthetiqueaulaser.ca\/en\/wp-json\/wp\/v2\/pages\/189\/revisions\/340"}],"wp:attachment":[{"href":"https:\/\/cliniqueesthetiqueaulaser.ca\/en\/wp-json\/wp\/v2\/media?parent=189"}],"curies":[{"name":"wp","href":"https:\/\/api.w.org\/{rel}","templated":true}]}}